{"id":1491,"date":"2021-11-25T09:43:28","date_gmt":"2021-11-25T07:43:28","guid":{"rendered":"https:\/\/w-can.be\/?page_id=1491"},"modified":"2022-06-07T12:10:06","modified_gmt":"2022-06-07T10:10:06","slug":"activites-de-groupe","status":"publish","type":"page","link":"https:\/\/w-can.be\/nl\/team-and-friends\/activites-de-groupe\/","title":{"rendered":"<p>Groepsactiviteiten<\/p>"},"content":{"rendered":"<div class=\"fullwidth\"><div class=\"vc_row wpb_row vc_row-fluid mg-bottom-60 vc_custom_1621325885082 vc_row-has-fill\"><div class=\"wpb_column vc_column_container vc_col-sm-12\"><div class=\"vc_column-inner vc_custom_1621323809572\"><div class=\"wpb_wrapper\"><\/div><\/div><\/div><\/div><div class=\"fullwidth\"><div class=\"vc_row wpb_row vc_row-fluid vc_custom_1621323772507\"><div class=\"wpb_column vc_column_container vc_col-sm-12\"><div class=\"vc_column-inner\"><div class=\"wpb_wrapper\"><div class=\"vc_empty_space\"  style=\"height: 35px\"><span class=\"vc_empty_space_inner\"><\/span><\/div>            <div class=\"heading color-dark text-center\">\n                                    <span class=\"s-color\"><i class=\"fa fa-star\"><\/i><\/span>\n                                                <h2 class=\"heading-color fs-38\">\n                    Groepsactiviteiten voor uw team                <\/h2>\n                                <p class=\"fs-14\" >\n                    Teambuilding - seminars - uw project is in goede handen                <\/p>\n                            <\/div>\n            <div class=\"vc_empty_space\"  style=\"height: 70px\"><span class=\"vc_empty_space_inner\"><\/span><\/div><\/div><\/div><\/div><\/div><\/div><div class=\"container\"><div class=\"vc_row wpb_row vc_row-fluid vc_custom_1601368357598\"><div class=\"wpb_column vc_column_container vc_col-sm-7\"><div class=\"vc_column-inner\"><div class=\"wpb_wrapper\">\n\t<div class=\"wpb_text_column wpb_content_element\">\n\t\t<div class=\"wpb_wrapper\">\n\t\t\t<p>Wil jij jouw team een unieke ervaring laten beleven?<br>\nJe kan het aangename met het nuttige combineren.<br>\nTeambinding, timemanagement, stressmanagement, leider of manager, risicobeheersing .<\/p>\n<p>Wij hebben verschillende programma's die aan uw behoeften kunnen voldoen.<br>\nEvenementen van \u00e9\u00e9n of meer dagen in Belgi\u00eb of in het buitenland.<\/p>\n<p>Neem contact met ons op voor een geschikte formule.<\/p>\n\n\t\t<\/div>\n\t<\/div>\n<\/div><\/div><\/div><div class=\"wpb_column vc_column_container vc_col-sm-5\"><div class=\"vc_column-inner\"><div class=\"wpb_wrapper\">\n\t<div class=\"wpb_single_image wpb_content_element vc_align_left\">\n\t\t\n\t\t<figure class=\"wpb_wrapper vc_figure\">\n\t\t\t<div class=\"vc_single_image-wrapper   vc_box_border_grey\"><img class=\"vc_single_image-img\"  src=\"https:\/\/w-can.be\/wp-content\/uploads\/2020\/09\/ING_22803_07586-scaled-502x693.jpg\"  width=\"502\"  height=\"693\"  alt=\"Activit S De Groupe\"  title=\"Sterrenscore beste keuze\"><\/div>\n\t\t<\/figure>\n\t<\/div>\n<\/div><\/div><\/div><\/div><\/div><div class=\"container-fluid\"><div class=\"vc_row wpb_row vc_row-fluid vc_custom_1644268372462 vc_row-has-fill\"><div class=\"wpb_column vc_column_container vc_col-sm-12\"><div class=\"vc_column-inner\"><div class=\"wpb_wrapper\"><div class=\"container\"><div class=\"vc_row wpb_row vc_inner vc_row-fluid\"><div class=\"wpb_column vc_column_container vc_col-sm-12\"><div class=\"vc_column-inner\"><div class=\"wpb_wrapper\">            <div class=\"heading color-dark text-left\">\n                                                <h2 class=\"heading-color fs-18\" >\n                    CONTACT OPNEMEN                <\/h2>\n                            <\/div>\n            <div class=\"vc_empty_space\"  style=\"height: 25px\"><span class=\"vc_empty_space_inner\"><\/span><\/div><script type=\"text\/javascript\">var gform;gform||(document.addEventListener(\"gform_main_scripts_loaded\",function(){gform.scriptsLoaded=!0}),window.addEventListener(\"DOMContentLoaded\",function(){gform.domLoaded=!0}),gform={domLoaded:!1,scriptsLoaded:!1,initializeOnLoaded:function(o){gform.domLoaded&&gform.scriptsLoaded?o():!gform.domLoaded&&gform.scriptsLoaded?window.addEventListener(\"DOMContentLoaded\",o):document.addEventListener(\"gform_main_scripts_loaded\",o)},hooks:{action:{},filter:{}},addAction:function(o,n,r,t){gform.addHook(\"action\",o,n,r,t)},addFilter:function(o,n,r,t){gform.addHook(\"filter\",o,n,r,t)},doAction:function(o){gform.doHook(\"action\",o,arguments)},applyFilters:function(o){return gform.doHook(\"filter\",o,arguments)},removeAction:function(o,n){gform.removeHook(\"action\",o,n)},removeFilter:function(o,n,r){gform.removeHook(\"filter\",o,n,r)},addHook:function(o,n,r,t,i){null==gform.hooks[o][n]&&(gform.hooks[o][n]=[]);var e=gform.hooks[o][n];null==i&&(i=n+\"_\"+e.length),gform.hooks[o][n].push({tag:i,callable:r,priority:t=null==t?10:t})},doHook:function(n,o,r){var t;if(r=Array.prototype.slice.call(r,1),null!=gform.hooks[n][o]&&((o=gform.hooks[n][o]).sort(function(o,n){return o.priority-n.priority}),o.forEach(function(o){\"function\"!=typeof(t=o.callable)&&(t=window[t]),\"action\"==n?t.apply(null,r):r[0]=t.apply(null,r)})),\"filter\"==n)return r[0]},removeHook:function(o,n,t,i){var r;null!=gform.hooks[o][n]&&(r=(r=gform.hooks[o][n]).filter(function(o,n,r){return!!(null!=i&&i!=o.tag||null!=t&&t!=o.priority)}),gform.hooks[o][n]=r)}});<\/script>\n                <div class=\"gf_browser_gecko gform_wrapper gravity-theme\"  id=\"gform_wrapper_1\"><div id=\"gf_1\"  class=\"gform_anchor\" tabindex=\"-1\"><\/div><form method=\"post\"  enctype=\"multipart\/form-data\"  target=\"gform_ajax_frame_1\"  id=\"gform_1\"  action=\"\/nl\/wp-json\/wp\/v2\/pages\/1491#gf_1\"  novalidate data-trp-original-action=\"\/nl\/wp-json\/wp\/v2\/pages\/1491#gf_1\">\n                        <div class=\"gform_body gform-body\"><div id=\"gform_fields_1\"  class=\"gform_fields top_label form_sublabel_below description_below\"><div id=\"field_1_1\"  class=\"gfield gfield--width-third gfield_contains_required field_sublabel_below field_description_below hidden_label gfield_visibility_visible\"><label class=\"gfield_label\" for=\"input_1_1\">Voornaam<span class=\"gfield_required\"><span class=\"gfield_required gfield_required_text\">(Verplicht)<\/span><\/span><\/label><div class=\"ginput_container ginput_container_text\"><input name=\"input_1\"  id=\"input_1_1\"  type=\"text\"  value=\"\"  class=\"large\"  placeholder=\"Voornaam\"  aria-required=\"true\"  aria-invalid=\"false\"> <\/div><\/div><div id=\"field_1_2\"  class=\"gfield gfield--width-third gfield_contains_required field_sublabel_below field_description_below hidden_label gfield_visibility_visible\"><label class=\"gfield_label\"  for=\"input_1_2\">Naam<span class=\"gfield_required\"><span class=\"gfield_required gfield_required_text\">(Verplicht)<\/span><\/span><\/label><div class=\"ginput_container ginput_container_text\"><input name=\"input_2\"  id=\"input_1_2\"  type=\"text\"  value=\"\"  class=\"large\"  placeholder=\"Naam\"  aria-required=\"true\"  aria-invalid=\"false\"> <\/div><\/div><div id=\"field_1_3\"  class=\"gfield gfield--width-third field_sublabel_below field_description_below hidden_label gfield_visibility_visible\"><label class=\"gfield_label\"  for=\"input_1_3\">Bedrijf<\/label><div class=\"ginput_container ginput_container_text\"><input name=\"input_3\"  id=\"input_1_3\"  type=\"text\"  value=\"\"  class=\"large\"  placeholder=\"Bedrijf\"  aria-invalid=\"false\"> <\/div><\/div><div id=\"field_1_4\"  class=\"gfield gfield--width-third gfield_contains_required field_sublabel_below field_description_below hidden_label gfield_visibility_visible\"><label class=\"gfield_label\"  for=\"input_1_4\">E-mail<span class=\"gfield_required\"><span class=\"gfield_required gfield_required_text\">(Verplicht)<\/span><\/span><\/label><div class=\"ginput_container ginput_container_email\">\n                            <input name=\"input_4\"  id=\"input_1_4\"  type=\"email\"  value=\"\"  class=\"large\"  placeholder=\"Emailadres\"  aria-required=\"true\" aria-invalid=\"false\">\n                        <\/div><\/div><div id=\"field_1_5\"  class=\"gfield gfield--width-third gfield_contains_required field_sublabel_below field_description_below hidden_label gfield_visibility_visible\"><label class=\"gfield_label\"  for=\"input_1_5\">Telefoon<span class=\"gfield_required\"><span class=\"gfield_required gfield_required_text\">(Verplicht)<\/span><\/span><\/label><div class=\"ginput_container ginput_container_phone\"><input name=\"input_5\"  id=\"input_1_5\"  type=\"tel\"  value=\"\"  class=\"large\"  placeholder=\"Telefoon\"  aria-required=\"true\"  aria-invalid=\"false\"><\/div><\/div><div id=\"field_1_6\"  class=\"gfield gfield--width-third field_sublabel_below field_description_below hidden_label gfield_visibility_visible\"><label class=\"gfield_label\"  for=\"input_1_6\">Dienst<\/label><div class=\"ginput_container ginput_container_select\" ><select name=\"input_6\"  id=\"input_1_6\"  class=\"large gfield_select\"  aria-invalid=\"false\"><option value=\"\"  selected class=\"gf_placeholder\">Dienst<\/option><option value=\"Choisir un service\"  selected>Kies een dienst<\/option><option value=\"Formations\">Opleidingen<\/option><option value=\"Consultance\">Consultancy<\/option><option value=\"S&eacute;minaires\">Seminaries<\/option><option value=\"Activit&eacute;s de groupe\">Groepsactiviteiten<\/option><\/select><\/div><\/div><\/div><\/div>\n        <div class=\"gform_footer top_label\"> <input type=\"submit\"  id=\"gform_submit_button_1\"  class=\"gform_button button\"  value=\"Verstuur\"  onclick='if(window[\"gf_submitting_1\"  ]){return false;}  if( !jQuery(\"#gform_1\"  )[0].checkValidity || jQuery(\"#gform_1\"  )[0].checkValidity()){window[\"gf_submitting_1\"  ]=true;}  '  onkeypress='if( event.keyCode == 13 ){ if(window[\"gf_submitting_1\"  ]){return false;} if( !jQuery(\"#gform_1\"  )[0].checkValidity || jQuery(\"#gform_1\"  )[0].checkValidity()){window[\"gf_submitting_1\"  ]=true;}  jQuery(\"#gform_1\"  ).trigger(\"submit\",[true]); }'> <input type=\"hidden\"  name=\"gform_ajax\"  value=\"form_id=1&amp;title=&amp;description=&amp;tabindex=0\">\n            <input type=\"hidden\"  class=\"gform_hidden\" name=\"is_submit_1\" value=\"1\">\n            <input type=\"hidden\"  class=\"gform_hidden\" name=\"gform_submit\" value=\"1\">\n            \n            <input type=\"hidden\"  class=\"gform_hidden\"  name=\"gform_unique_id\"  value=\"\">\n            <input type=\"hidden\"  class=\"gform_hidden\"  name=\"state_1\"  value=\"WyJbXSIsIjc2MGJlZmYzNjkwNGU4YjcxMzFlNjkyMjA5ODA2MTE3Il0=\">\n            <input type=\"hidden\"  class=\"gform_hidden\"  name=\"gform_target_page_number_1\"  id=\"gform_target_page_number_1\" value=\"0\">\n            <input type=\"hidden\"  class=\"gform_hidden\"  name=\"gform_source_page_number_1\" id=\"gform_source_page_number_1\" value=\"1\">\n            <input type=\"hidden\"  name=\"gform_field_values\"  value=\"\">\n            \n        <\/div>\n                        <input type=\"hidden\"  name=\"trp-form-language\" value=\"nl\"\/><\/form>\n                        <\/div>\n                <iframe style=\"display:none;width:0px;height:0px;\"  src=\"about:blank\"  name=\"gform_ajax_frame_1\"  id=\"gform_ajax_frame_1\"  title=\"Dit iframe bevat de logica die nodig is om Ajax-gestuurde Gravity Forms af te handelen.\"><\/iframe>\n                <script type=\"text\/javascript\">\ngform.initializeOnLoaded( function() {gformInitSpinner( 1, 'https:\/\/w-can.be\/wp-content\/plugins\/gravityforms\/images\/spinner.svg' );jQuery('#gform_ajax_frame_1').on('load',function(){var contents = jQuery(this).contents().find('*').html();var is_postback = contents.indexOf('GF_AJAX_POSTBACK') >= 0;if(!is_postback){return;}var form_content = jQuery(this).contents().find('#gform_wrapper_1');var is_confirmation = jQuery(this).contents().find('#gform_confirmation_wrapper_1').length > 0;var is_redirect = contents.indexOf('gformRedirect(){') >= 0;var is_form = form_content.length > 0 && ! is_redirect && ! is_confirmation;var mt = parseInt(jQuery('html').css('margin-top'), 10) + parseInt(jQuery('body').css('margin-top'), 10) + 100;if(is_form){jQuery('#gform_wrapper_1').html(form_content.html());if(form_content.hasClass('gform_validation_error')){jQuery('#gform_wrapper_1').addClass('gform_validation_error');} else {jQuery('#gform_wrapper_1').removeClass('gform_validation_error');}setTimeout( function() { \/* delay the scroll by 50 milliseconds to fix a bug in chrome *\/ jQuery(document).scrollTop(jQuery('#gform_wrapper_1').offset().top - mt); }, 50 );if(window['gformInitDatepicker']) {gformInitDatepicker();}if(window['gformInitPriceFields']) {gformInitPriceFields();}var current_page = jQuery('#gform_source_page_number_1').val();gformInitSpinner( 1, 'https:\/\/w-can.be\/wp-content\/plugins\/gravityforms\/images\/spinner.svg' );jQuery(document).trigger('gform_page_loaded', [1, current_page]);window['gf_submitting_1'] = false;}else if(!is_redirect){var confirmation_content = jQuery(this).contents().find('.GF_AJAX_POSTBACK').html();if(!confirmation_content){confirmation_content = contents;}setTimeout(function(){jQuery('#gform_wrapper_1').replaceWith(confirmation_content);jQuery(document).scrollTop(jQuery('#gf_1').offset().top - mt);jQuery(document).trigger('gform_confirmation_loaded', [1]);window['gf_submitting_1'] = false;wp.a11y.speak(jQuery('#gform_confirmation_message_1').text());}, 50);}else{jQuery('#gform_1').append(contents);if(window['gformRedirect']) {gformRedirect();}}jQuery(document).trigger('gform_post_render', [1, current_page]);} );} );\n<\/script>\n<\/div><\/div><\/div><\/div><\/div><\/div><\/div><\/div><\/div><\/div><\/div>","protected":false},"excerpt":{"rendered":"<p>Groepsactiviteiten voor je team Teambuilding - seminars - je project is in goede handen Je team is op zoek naar een unieke ervaring? Je kunt plezier combineren met iets nuttigs. Teambuilding, timemanagement, stressmanagement, leiderschap of management, risicomanagement. We hebben verschillende programma's om aan je behoeften te voldoen. Evenementen [...]<\/p>","protected":false},"author":1,"featured_media":0,"parent":1488,"menu_order":0,"comment_status":"closed","ping_status":"closed","template":"","meta":[],"_links":{"self":[{"href":"https:\/\/w-can.be\/nl\/wp-json\/wp\/v2\/pages\/1491"}],"collection":[{"href":"https:\/\/w-can.be\/nl\/wp-json\/wp\/v2\/pages"}],"about":[{"href":"https:\/\/w-can.be\/nl\/wp-json\/wp\/v2\/types\/page"}],"author":[{"embeddable":true,"href":"https:\/\/w-can.be\/nl\/wp-json\/wp\/v2\/users\/1"}],"replies":[{"embeddable":true,"href":"https:\/\/w-can.be\/nl\/wp-json\/wp\/v2\/comments?post=1491"}],"version-history":[{"count":9,"href":"https:\/\/w-can.be\/nl\/wp-json\/wp\/v2\/pages\/1491\/revisions"}],"predecessor-version":[{"id":1846,"href":"https:\/\/w-can.be\/nl\/wp-json\/wp\/v2\/pages\/1491\/revisions\/1846"}],"up":[{"embeddable":true,"href":"https:\/\/w-can.be\/nl\/wp-json\/wp\/v2\/pages\/1488"}],"wp:attachment":[{"href":"https:\/\/w-can.be\/nl\/wp-json\/wp\/v2\/media?parent=1491"}],"curies":[{"name":"wp","href":"https:\/\/api.w.org\/{rel}","templated":true}]}}